{"id":468,"date":"2015-06-16T19:37:10","date_gmt":"2015-06-16T18:37:10","guid":{"rendered":"http:\/\/dasfrauleinkompanie.com\/?page_id=468"},"modified":"2025-05-15T10:06:20","modified_gmt":"2025-05-15T09:06:20","slug":"news","status":"publish","type":"page","link":"https:\/\/dasfrauleinkompanie.com\/en\/news\/","title":{"rendered":"DAS FR\u00c4ULEIN KOMPANIE NEWS"},"content":{"rendered":"<p><\/p>\n<p style=\"font-weight: 400;\"><span class=\"DF_color\" style=\"text-decoration: underline;\"><strong>JOB VACANCY<\/strong><\/span><\/p>\n<p style=\"font-weight: 400;\"><span class=\"DF_color\"><strong>DIRECTING AND DRAMATURGY ASSISTANT<\/strong><\/span><\/p>\n<p style=\"font-weight: 400;\"><strong>Das Fr\u00e4ulein (Kompanie) &#8211; Anne-C\u00e9cile Vandalem<\/strong><\/p>\n<p style=\"font-weight: 400;\"><strong>\u00a0<\/strong><\/p>\n<p style=\"font-weight: 400;\"><strong>As part of the development of her next production LA F\u00caTE, Anne-C\u00e9cile Vandalem is looking for a directing and dramaturgy assistant.<\/strong><\/p>\n<p style=\"font-weight: 400;\">Status: Working hours to be determined according to work periods (basis 2 days\/week).<\/p>\n<p style=\"font-weight: 400;\">Formed in 2008,\u00a0<strong>Das Fr\u00e4ulein (Kompanie)<\/strong>\u00a0was established to develop and promote the work of Belgian artist\u00a0<strong>Anne-C\u00e9cile Vandalem<\/strong>.\u00a0Its theatre creations are original works conceived, written and directed by the artist herself. Das Fr\u00e4ulein (Kompanie) is currently subsidised by the Wallonia-Brussels Federation.<\/p>\n<p style=\"font-weight: 400;\"><strong>FUNCTION<\/strong>:<\/p>\n<p style=\"font-weight: 400;\">You will work closely with a team comprising an artistic director, author and director, two dramaturgs, a production manager, an administration&amp;finance manager, a sales&amp;project development manager and a technical manager.<\/p>\n<p style=\"font-weight: 400;\">Since February 2023, the team has been training in transversal management tools. You will therefore need to be in tune with these principles of collaboration.<\/p>\n<p style=\"font-weight: 400;\">You will be working with the team on the company&#8217;s next two projects, LA F\u00caTE and TREMBLEMENTS.<\/p>\n<p style=\"font-weight: 400;\"><strong>You will assist the dramaturgy team in<\/strong><\/p>\n<ul>\n<li>Development and dramaturgy of projects in their various phases of creation,<\/li>\n<\/ul>\n<p style=\"font-weight: 400;\">in close collaboration with the artistic team (conceptualization, discussions and<\/p>\n<p style=\"font-weight: 400;\">and reflections)<\/p>\n<ul>\n<li>Attendance at artistic development meetings<\/li>\n<\/ul>\n<p style=\"font-weight: 400;\">&#8211; Taking part in meetings<\/p>\n<p style=\"font-weight: 400;\">&#8211; Follow-up and drafting of minutes<\/p>\n<ul>\n<li>Documentary research<\/li>\n<\/ul>\n<p style=\"font-weight: 400;\">&#8211; Suggesting readings and documents for the development of the project<\/p>\n<p style=\"font-weight: 400;\">&#8211; Readings and reports on readings<\/p>\n<p style=\"font-weight: 400;\">&#8211; Helping to set up meetings<\/p>\n<p style=\"font-weight: 400;\">&#8211; Support during interviews<\/p>\n<p style=\"font-weight: 400;\">&#8211; Transcribing and editing.<\/p>\n<p style=\"font-weight: 400;\">&#8211; Specific research<\/p>\n<p style=\"font-weight: 400;\"><strong>You will assist the director<\/strong><\/p>\n<ul>\n<li>Attendance at preparatory meetings<\/li>\n<\/ul>\n<p style=\"font-weight: 400;\">&#8211; Preparing schedules and work plans, in collaboration with the artistic and technical team<\/p>\n<ul>\n<li>Monitoring rehearsals and workshops<\/li>\n<\/ul>\n<p style=\"font-weight: 400;\">&#8211; Transcripts, discussions and feedback with the director, etc.<\/p>\n<ul>\n<li>Coordination of the artistic team<\/li>\n<\/ul>\n<p style=\"font-weight: 400;\">&#8211; Sending schedules<\/p>\n<p style=\"font-weight: 400;\">&#8211; Managing the work plan<\/p>\n<p style=\"font-weight: 400;\">&#8211; Attendance management<\/p>\n<ul>\n<li>Attendance on tour<\/li>\n<\/ul>\n<p style=\"font-weight: 400;\">&#8211; Management of connections<\/p>\n<p style=\"font-weight: 400;\">&#8211; Follow-up of performances and feedback to teams<\/p>\n<p style=\"font-weight: 400;\"><strong>PROFILE<\/strong><\/p>\n<ul>\n<li>Experience and\/or training in directing and\/or dramaturgy<\/li>\n<li>Knowledge of English desirable. As LA F\u00caTE is a bilingual project (Dutch-French), knowledge of Dutch is a plus.<\/li>\n<li>An interest in the company&#8217;s work.<\/li>\n<li>An interest in decolonial themes.<\/li>\n<li>Have a philosophical and artistic knowledge and frame of reference.<\/li>\n<li>Experience of working on large stages.<\/li>\n<li>Have a sense of teamwork, rigor, availability and flexibility (travel is expected).<\/li>\n<li>Proficiency in office software is appreciated. (Office pack: Word\/Excel)<\/li>\n<li>Be based in Belgium (or able to live there)<\/li>\n<\/ul>\n<p style=\"font-weight: 400;\"><strong>SCHEDULE<\/strong><\/p>\n<p style=\"font-weight: 400;\">Between 01\/01\/2025 and 15\/06\/2026, 1 to 2 days a week (schedule to be determined)<\/p>\n<p style=\"font-weight: 400;\"><strong>Development stage<\/strong><\/p>\n<p style=\"font-weight: 400;\">27\/01-28\/03\/2025, except Mondays and some mornings<\/p>\n<p style=\"font-weight: 400;\"><strong>Rehearsals<\/strong><\/p>\n<p style=\"font-weight: 400;\">02\/05-15\/05\/2025, Th\u00e9\u00e2tre de Li\u00e8ge<\/p>\n<p style=\"font-weight: 400;\">11\/06-30\/06\/2025, Th\u00e9\u00e2tre National Wallonie-Bruxelles<\/p>\n<p style=\"font-weight: 400;\">09\/02-27\/02\/2026, Th\u00e9\u00e2tre National Wallonie-Bruxelles<\/p>\n<p style=\"font-weight: 400;\">15\/06-27\/06\/2026, Th\u00e9\u00e2tre National Wallonie-Bruxelles<\/p>\n<p style=\"font-weight: 400;\">17\/08-22\/09\/2026, finalisation at Th\u00e9\u00e2tre National Wallonie-Bruxelles<\/p>\n<p style=\"font-weight: 400;\"><strong>Touring<\/strong><\/p>\n<p style=\"font-weight: 400;\">Season 2026-2027<\/p>\n<p style=\"font-weight: 400;\"><strong>OFFER<\/strong><\/p>\n<ul>\n<li>Fixed-term contract<\/li>\n<li>Hours to be defined according to work periods (based on 2 days\/week, excluding workshops and creation periods)<\/li>\n<li>Salary according to experience<\/li>\n<li>Workplace: Das Fr\u00e4ulein (Kompanie) is in administrative residence at BOCAL,<\/li>\n<li>Rue Van Eyck 11B \/ 1050 Brussels. Rehearsals in Belgium at various venues.<\/li>\n<li>Evening and occasional weekend work.<\/li>\n<li>National and international travel required.<\/li>\n<\/ul>\n<p style=\"font-weight: 400;\"><strong>INTERESTED?<\/strong><\/p>\n<p style=\"font-weight: 400;\">Please send your CV and covering letter to candidature@dasfrauleinkompanie.com, quoting \u2018Assistant director and dramaturg\u2019. Special consideration will be given to applications from people from under-represented minorities.<\/p>\n<p style=\"font-weight: 400;\"><u>Deadline for applications 01\/12\/2024<\/u><\/p>\n<p style=\"font-weight: 400;\">\n<p><\/p>","protected":false},"excerpt":{"rendered":"<p>JOB VACANCY DIRECTING AND DRAMATURGY ASSISTANT Das Fr\u00e4ulein (Kompanie) &#8211; Anne-C\u00e9cile Vandalem \u00a0 As part of the development of her next production LA F\u00caTE, Anne-C\u00e9cile Vandalem is looking for a directing and dramaturgy assistant. Status: Working hours to be determined according to work periods (basis 2 days\/week). Formed in 2008,\u00a0Das Fr\u00e4ulein (Kompanie)\u00a0was established to develop [&hellip;]<\/p>\n","protected":false},"author":1,"featured_media":0,"parent":0,"menu_order":0,"comment_status":"closed","ping_status":"closed","template":"","meta":{"ngg_post_thumbnail":0},"acf":[],"_links":{"self":[{"href":"https:\/\/dasfrauleinkompanie.com\/en\/wp-json\/wp\/v2\/pages\/468"}],"collection":[{"href":"https:\/\/dasfrauleinkompanie.com\/en\/wp-json\/wp\/v2\/pages"}],"about":[{"href":"https:\/\/dasfrauleinkompanie.com\/en\/wp-json\/wp\/v2\/types\/page"}],"author":[{"embeddable":true,"href":"https:\/\/dasfrauleinkompanie.com\/en\/wp-json\/wp\/v2\/users\/1"}],"replies":[{"embeddable":true,"href":"https:\/\/dasfrauleinkompanie.com\/en\/wp-json\/wp\/v2\/comments?post=468"}],"version-history":[{"count":110,"href":"https:\/\/dasfrauleinkompanie.com\/en\/wp-json\/wp\/v2\/pages\/468\/revisions"}],"predecessor-version":[{"id":3210,"href":"https:\/\/dasfrauleinkompanie.com\/en\/wp-json\/wp\/v2\/pages\/468\/revisions\/3210"}],"wp:attachment":[{"href":"https:\/\/dasfrauleinkompanie.com\/en\/wp-json\/wp\/v2\/media?parent=468"}],"curies":[{"name":"wp","href":"https:\/\/api.w.org\/{rel}","templated":true}]}}